{"id":5648,"date":"2021-01-29T16:44:34","date_gmt":"2021-01-29T16:44:34","guid":{"rendered":"http:\/\/www.mpfxdesign.com\/?post_type=product&#038;p=5648"},"modified":"2024-10-31T10:53:34","modified_gmt":"2024-10-31T10:53:34","slug":"portogallo-prato","status":"publish","type":"product","link":"https:\/\/www.mpfxdesign.com\/site\/product\/portogallo-prato\/","title":{"rendered":"portogallo"},"content":{"rendered":"\n\t\t\t<!-- START portogallo REVOLUTION SLIDER 6.7.40 --><p class=\"rs-p-wp-fix\"><\/p>\n\t\t\t<rs-module-wrap id=\"rev_slider_10_1_wrapper\" data-source=\"gallery\" style=\"visibility:hidden;background:transparent;padding:0;margin:0px auto;margin-top:0;margin-bottom:0;\">\n\t\t\t\t<rs-module id=\"rev_slider_10_1\" style=\"\" data-version=\"6.7.40\">\n\t\t\t\t\t<rs-slides style=\"overflow: hidden; position: absolute;\">\n\t\t\t\t\t\t<rs-slide style=\"position: absolute;\" data-key=\"rs-83\" data-title=\"Slide\" data-thumb=\"\/\/www.mpfxdesign.com\/site\/wp-content\/uploads\/2022\/06\/Portogallo_1-100x50.jpg\" data-anim=\"adpr:false;\">\n\t\t\t\t\t\t\t<img decoding=\"async\" src=\"\/\/www.mpfxdesign.com\/site\/wp-content\/plugins\/revslider\/sr6\/assets\/assets\/dummy.png\" alt=\"\" title=\"portogallo\" class=\"rev-slidebg tp-rs-img rs-lazyload\" data-lazyload=\"\/\/www.mpfxdesign.com\/site\/wp-content\/uploads\/2022\/06\/Portogallo_1.jpg\" data-no-retina>\n<!---->\t\t\t\t\t<\/rs-slide>\n\t\t\t\t\t\t<rs-slide style=\"position: absolute;\" data-key=\"rs-84\" data-title=\"Slide\" data-thumb=\"\/\/www.mpfxdesign.com\/site\/wp-content\/uploads\/2022\/06\/Portogallo_2-100x50.jpg\" data-anim=\"adpr:false;\">\n\t\t\t\t\t\t\t<img decoding=\"async\" src=\"\/\/www.mpfxdesign.com\/site\/wp-content\/plugins\/revslider\/sr6\/assets\/assets\/dummy.png\" alt=\"\" title=\"portogallo\" class=\"rev-slidebg tp-rs-img rs-lazyload\" data-lazyload=\"\/\/www.mpfxdesign.com\/site\/wp-content\/uploads\/2022\/06\/Portogallo_2.jpg\" data-no-retina>\n<!---->\t\t\t\t\t<\/rs-slide>\n\t\t\t\t\t\t<rs-slide style=\"position: absolute;\" data-key=\"rs-85\" data-title=\"Slide\" data-thumb=\"\/\/www.mpfxdesign.com\/site\/wp-content\/uploads\/2022\/06\/Portogallo_3-100x50.jpg\" data-anim=\"adpr:false;\">\n\t\t\t\t\t\t\t<img decoding=\"async\" src=\"\/\/www.mpfxdesign.com\/site\/wp-content\/plugins\/revslider\/sr6\/assets\/assets\/dummy.png\" alt=\"\" title=\"portogallo\" class=\"rev-slidebg tp-rs-img rs-lazyload\" data-lazyload=\"\/\/www.mpfxdesign.com\/site\/wp-content\/uploads\/2022\/06\/Portogallo_3.jpg\" data-no-retina>\n<!---->\t\t\t\t\t<\/rs-slide>\n\t\t\t\t\t<\/rs-slides>\n\t\t\t\t<\/rs-module>\n\t\t\t\t<script>\n\t\t\t\t\tsetREVStartSize({c: 'rev_slider_10_1',rl:[1240,1024,778,480],el:[],gw:[800],gh:[600],type:'standard',justify:'',layout:'fullwidth',mh:\"0\"});if (window.RS_MODULES!==undefined && window.RS_MODULES.modules!==undefined && window.RS_MODULES.modules[\"revslider101\"]!==undefined) {window.RS_MODULES.modules[\"revslider101\"].once = false;window.revapi10 = undefined;if (window.RS_MODULES.checkMinimal!==undefined) window.RS_MODULES.checkMinimal()}\n\t\t\t\t<\/script>\n\t\t\t<\/rs-module-wrap>\n\t\t\t<!-- END REVOLUTION SLIDER -->\n\n<p>&nbsp;<\/p>\n<p>From the series &#8220;portogallo&#8221;, porcelain plate, whose iconographic and contemporary representation, minimalist in character and folkloric inspired, combines concepts and respective chromatic relationship associated with fado, passion, light and the rooster of barcelos (starting point), giving this composition a polyvalent character, able to be transformed and applied in various supports and objects of practical or decorative use.<br \/>\nformat: h21mm \/ \u00f8329mm<br \/>\nweight: 1200g<br \/>\nspecifications: high pressure porcelain dish, ceramic with glaze finish<br \/>\ndishwasher safe<\/p>\n<p>Da s\u00e9rie \u201cportogallo\u201d, prato em porcelana, cuja representa\u00e7\u00e3o iconogr\u00e1fica e contempor\u00e2nea,de car\u00e1ter minimalista e inspira\u00e7\u00e3o folcl\u00f3rica, conjuga conceitos e respetiva rela\u00e7\u00e3o crom\u00e1tica associados ao fado, \u00e0 paix\u00e3o, \u00e0 luz e ao galo de barcelos (ponto de partida), atribuindo a esta composi\u00e7\u00e3o um car\u00e1ter polivalente, pass\u00edvel de ser transformada e aplicada em v\u00e1rios suportes e objetos de utiliza\u00e7\u00e3o pr\u00e1tica ou decorativa.<br \/>\nformato: h21mm \/ \u00f8329mm<br \/>\npeso: 1200g<br \/>\nespecifica\u00e7\u00f5es: prato em porcelana de alta press\u00e3o, cer\u00e2mica com acabamento vidrado<br \/>\nir \u00e0 m\u00e1quina de lavar loi\u00e7a<\/p>\n","protected":false},"excerpt":{"rendered":"<p>From the series &#8220;portogallo&#8221;, porcelain plate, whose iconographic and contemporary representation, minimalist in character and folkloric inspired, combines concepts and respective chromatic relationship associated with fado, passion, light and the rooster of barcelos (starting point), giving this composition a polyvalent character, able to be transformed and applied in various supports and objects of practical or decorative use.<\/p>\n<p>Da s\u00e9rie \u201cportogallo\u201d, prato em porcelana, cuja representa\u00e7\u00e3o iconogr\u00e1fica e contempor\u00e2nea,de car\u00e1ter minimalista e inspira\u00e7\u00e3o folcl\u00f3rica, conjuga conceitos e respetiva rela\u00e7\u00e3o crom\u00e1tica associados ao fado, \u00e0 paix\u00e3o, \u00e0 luz e ao galo de barcelos (ponto de partida), atribuindo a esta composi\u00e7\u00e3o um car\u00e1ter polivalente, pass\u00edvel de ser transformada e aplicada em v\u00e1rios suportes e objetos de utiliza\u00e7\u00e3o pr\u00e1tica ou decorativa.<\/p>\n","protected":false},"featured_media":24826,"template":"","meta":{"_acf_changed":false},"product_brand":[],"product_cat":[103],"product_tag":[],"class_list":{"0":"post-5648","1":"product","2":"type-product","3":"status-publish","4":"has-post-thumbnail","6":"product_cat-homeware","8":"first","9":"outofstock","10":"taxable","11":"shipping-taxable","12":"purchasable","13":"product-type-simple"},"acf":[],"_links":{"self":[{"href":"https:\/\/www.mpfxdesign.com\/site\/wp-json\/wp\/v2\/product\/5648","targetHints":{"allow":["GET"]}}],"collection":[{"href":"https:\/\/www.mpfxdesign.com\/site\/wp-json\/wp\/v2\/product"}],"about":[{"href":"https:\/\/www.mpfxdesign.com\/site\/wp-json\/wp\/v2\/types\/product"}],"version-history":[{"count":14,"href":"https:\/\/www.mpfxdesign.com\/site\/wp-json\/wp\/v2\/product\/5648\/revisions"}],"predecessor-version":[{"id":24880,"href":"https:\/\/www.mpfxdesign.com\/site\/wp-json\/wp\/v2\/product\/5648\/revisions\/24880"}],"wp:featuredmedia":[{"embeddable":true,"href":"https:\/\/www.mpfxdesign.com\/site\/wp-json\/wp\/v2\/media\/24826"}],"wp:attachment":[{"href":"https:\/\/www.mpfxdesign.com\/site\/wp-json\/wp\/v2\/media?parent=5648"}],"wp:term":[{"taxonomy":"product_brand","embeddable":true,"href":"https:\/\/www.mpfxdesign.com\/site\/wp-json\/wp\/v2\/product_brand?post=5648"},{"taxonomy":"product_cat","embeddable":true,"href":"https:\/\/www.mpfxdesign.com\/site\/wp-json\/wp\/v2\/product_cat?post=5648"},{"taxonomy":"product_tag","embeddable":true,"href":"https:\/\/www.mpfxdesign.com\/site\/wp-json\/wp\/v2\/product_tag?post=5648"}],"curies":[{"name":"wp","href":"https:\/\/api.w.org\/{rel}","templated":true}]}}