{"id":5588,"date":"2021-01-28T11:31:21","date_gmt":"2021-01-28T11:31:21","guid":{"rendered":"http:\/\/www.mpfxdesign.com\/?post_type=product&#038;p=5588"},"modified":"2026-03-13T17:54:05","modified_gmt":"2026-03-13T17:54:05","slug":"oli","status":"publish","type":"product","link":"https:\/\/www.mpfxdesign.com\/site\/product\/oli\/","title":{"rendered":"oli a azeitoneira"},"content":{"rendered":"\n\t\t\t<!-- START oli REVOLUTION SLIDER 6.7.40 --><p class=\"rs-p-wp-fix\"><\/p>\n\t\t\t<rs-module-wrap id=\"rev_slider_8_1_wrapper\" data-source=\"gallery\" style=\"visibility:hidden;background:transparent;padding:0;margin:0px auto;margin-top:0;margin-bottom:0;\">\n\t\t\t\t<rs-module id=\"rev_slider_8_1\" style=\"\" data-version=\"6.7.40\">\n\t\t\t\t\t<rs-slides style=\"overflow: hidden; position: absolute;\">\n\t\t\t\t\t\t<rs-slide style=\"position: absolute;\" data-key=\"rs-68\" data-title=\"Slide\" data-thumb=\"\/\/www.mpfxdesign.com\/site\/wp-content\/uploads\/2022\/06\/oliAazeitoneira_MPFXdesign_1-100x50.jpg\" data-anim=\"adpr:false;\">\n\t\t\t\t\t\t\t<img decoding=\"async\" src=\"\/\/www.mpfxdesign.com\/site\/wp-content\/plugins\/revslider\/sr6\/assets\/assets\/dummy.png\" alt=\"\" title=\"oli a azeitoneira\" class=\"rev-slidebg tp-rs-img rs-lazyload\" data-lazyload=\"\/\/www.mpfxdesign.com\/site\/wp-content\/uploads\/2022\/06\/oliAazeitoneira_MPFXdesign_1.jpg\" data-no-retina>\n<!---->\t\t\t\t\t<\/rs-slide>\n\t\t\t\t\t\t<rs-slide style=\"position: absolute;\" data-key=\"rs-69\" data-title=\"Slide\" data-thumb=\"\/\/www.mpfxdesign.com\/site\/wp-content\/uploads\/2022\/06\/OLItheOliveBowl_2-100x50.jpg\" data-anim=\"adpr:false;\">\n\t\t\t\t\t\t\t<img decoding=\"async\" src=\"\/\/www.mpfxdesign.com\/site\/wp-content\/plugins\/revslider\/sr6\/assets\/assets\/dummy.png\" alt=\"\" title=\"oli a azeitoneira\" class=\"rev-slidebg tp-rs-img rs-lazyload\" data-lazyload=\"\/\/www.mpfxdesign.com\/site\/wp-content\/uploads\/2022\/06\/OLItheOliveBowl_2.jpg\" data-no-retina>\n<!---->\t\t\t\t\t<\/rs-slide>\n\t\t\t\t\t\t<rs-slide style=\"position: absolute;\" data-key=\"rs-70\" data-title=\"Slide\" data-thumb=\"\/\/www.mpfxdesign.com\/site\/wp-content\/uploads\/2022\/06\/OLItheOliveBowl_3-100x50.jpg\" data-anim=\"adpr:false;\">\n\t\t\t\t\t\t\t<img decoding=\"async\" src=\"\/\/www.mpfxdesign.com\/site\/wp-content\/plugins\/revslider\/sr6\/assets\/assets\/dummy.png\" alt=\"\" title=\"oli a azeitoneira\" class=\"rev-slidebg tp-rs-img rs-lazyload\" data-lazyload=\"\/\/www.mpfxdesign.com\/site\/wp-content\/uploads\/2022\/06\/OLItheOliveBowl_3.jpg\" data-no-retina>\n<!---->\t\t\t\t\t<\/rs-slide>\n\t\t\t\t\t\t<rs-slide style=\"position: absolute;\" data-key=\"rs-145\" data-title=\"Slide\" data-thumb=\"\/\/www.mpfxdesign.com\/site\/wp-content\/uploads\/2022\/06\/oliAazeitoneira_MPFXdesign_4-100x50.jpg\" data-anim=\"adpr:false;\">\n\t\t\t\t\t\t\t<img decoding=\"async\" src=\"\/\/www.mpfxdesign.com\/site\/wp-content\/plugins\/revslider\/sr6\/assets\/assets\/dummy.png\" alt=\"\" title=\"oli a azeitoneira\" class=\"rev-slidebg tp-rs-img rs-lazyload\" data-lazyload=\"\/\/www.mpfxdesign.com\/site\/wp-content\/uploads\/2022\/06\/oliAazeitoneira_MPFXdesign_4.jpg\" data-no-retina>\n<!---->\t\t\t\t\t<\/rs-slide>\n\t\t\t\t\t\t<rs-slide style=\"position: absolute;\" data-key=\"rs-146\" data-title=\"Slide\" data-thumb=\"\/\/www.mpfxdesign.com\/site\/wp-content\/uploads\/2022\/06\/oliAazeitoneira_MPFXdesign_5-100x50.jpg\" data-anim=\"adpr:false;\">\n\t\t\t\t\t\t\t<img decoding=\"async\" src=\"\/\/www.mpfxdesign.com\/site\/wp-content\/plugins\/revslider\/sr6\/assets\/assets\/dummy.png\" alt=\"\" title=\"oli a azeitoneira\" class=\"rev-slidebg tp-rs-img rs-lazyload\" data-lazyload=\"\/\/www.mpfxdesign.com\/site\/wp-content\/uploads\/2022\/06\/oliAazeitoneira_MPFXdesign_5.jpg\" data-no-retina>\n<!---->\t\t\t\t\t<\/rs-slide>\n\t\t\t\t\t<\/rs-slides>\n\t\t\t\t<\/rs-module>\n\t\t\t\t<script>\n\t\t\t\t\tsetREVStartSize({c: 'rev_slider_8_1',rl:[1240,1024,778,480],el:[],gw:[600],gh:[800],type:'standard',justify:'',layout:'fullwidth',mh:\"0\"});if (window.RS_MODULES!==undefined && window.RS_MODULES.modules!==undefined && window.RS_MODULES.modules[\"revslider81\"]!==undefined) {window.RS_MODULES.modules[\"revslider81\"].once = false;window.revapi8 = undefined;if (window.RS_MODULES.checkMinimal!==undefined) window.RS_MODULES.checkMinimal()}\n\t\t\t\t<\/script>\n\t\t\t<\/rs-module-wrap>\n\t\t\t<!-- END REVOLUTION SLIDER -->\n\n<p>&nbsp;<\/p>\n<p>&#8220;Oli a azeitoneira&#8221;, concilia a est\u00e9tica e a fun\u00e7\u00e3o contendo simultaneamente as azeitonas e os caro\u00e7os. \u00c9 um objecto em porcelana, pintado de preto no exterior, completamente vidrado e dividido na horizontal em duas partes iguais. A base \u00e9 uma ta\u00e7a para servir as azeitonas e a parte superior \u00e9 um dep\u00f3sito para os caro\u00e7os os quais s\u00e3o retirados atrav\u00e9s de uma tampa amov\u00edvel que permite a limpeza do recipiente.<\/p>\n<p>capacidade: 300 ml<br \/>\npeso: 500 gr<br \/>\nformato do conjunto: 150x150x10 mm<br \/>\nespecifica\u00e7\u00f5es: cer\u00e2mica com acabamento vidrado + tampa em SEBS<br \/>\npode ir \u00e0 m\u00e1quina de lavar loi\u00e7a<\/p>\n<p>&#8220;Oli the olive&#8221;, reconciles aesthetics and function while containing both olives and stones. It is a porcelain object, painted black on the outside, completely glazed and divided horizontally into two equal parts. The base is a bowl for serving olives and the upper part is a container for the stones, which are removed through a removable lid that allows the container to be cleaned.<br \/>\ncapacity: 300 ml<br \/>\nweight: 500 gr<br \/>\nformat of set: 150x150x10 mm<br \/>\nspecifications: ceramic with glaze finish + SEBS lid<br \/>\ndishwasher safe<\/p>\n","protected":false},"excerpt":{"rendered":"<p>&#8220;Oli the olive&#8221;, reconciles aesthetics and function while containing both olives and stones. It is a porcelain object, painted black on the outside, completely glazed and divided horizontally into two equal parts. The base is a bowl for serving olives and the upper part is a container for the stones, which are removed through a removable lid that allows the container to be cleaned.<\/p>\n<p>&#8220;Oli a azeitoneira&#8221;, concilia a est\u00e9tica e a fun\u00e7\u00e3o contendo simultaneamente as azeitonas e os caro\u00e7os. \u00c9 um objecto em porcelana, pintado de preto no exterior, completamente vidrado e dividido na horizontal em duas partes iguais. A base \u00e9 uma ta\u00e7a para servir as azeitonas e a parte superior \u00e9 um dep\u00f3sito para os caro\u00e7os os quais s\u00e3o retirados atrav\u00e9s de uma tampa amov\u00edvel que permite a limpeza do recipiente.<\/p>\n","protected":false},"featured_media":24828,"template":"","meta":{"_acf_changed":false},"product_brand":[],"product_cat":[103],"product_tag":[],"class_list":{"0":"post-5588","1":"product","2":"type-product","3":"status-publish","4":"has-post-thumbnail","6":"product_cat-homeware","8":"first","9":"outofstock","10":"taxable","11":"shipping-taxable","12":"purchasable","13":"product-type-simple"},"acf":[],"_links":{"self":[{"href":"https:\/\/www.mpfxdesign.com\/site\/wp-json\/wp\/v2\/product\/5588","targetHints":{"allow":["GET"]}}],"collection":[{"href":"https:\/\/www.mpfxdesign.com\/site\/wp-json\/wp\/v2\/product"}],"about":[{"href":"https:\/\/www.mpfxdesign.com\/site\/wp-json\/wp\/v2\/types\/product"}],"version-history":[{"count":15,"href":"https:\/\/www.mpfxdesign.com\/site\/wp-json\/wp\/v2\/product\/5588\/revisions"}],"predecessor-version":[{"id":26059,"href":"https:\/\/www.mpfxdesign.com\/site\/wp-json\/wp\/v2\/product\/5588\/revisions\/26059"}],"wp:featuredmedia":[{"embeddable":true,"href":"https:\/\/www.mpfxdesign.com\/site\/wp-json\/wp\/v2\/media\/24828"}],"wp:attachment":[{"href":"https:\/\/www.mpfxdesign.com\/site\/wp-json\/wp\/v2\/media?parent=5588"}],"wp:term":[{"taxonomy":"product_brand","embeddable":true,"href":"https:\/\/www.mpfxdesign.com\/site\/wp-json\/wp\/v2\/product_brand?post=5588"},{"taxonomy":"product_cat","embeddable":true,"href":"https:\/\/www.mpfxdesign.com\/site\/wp-json\/wp\/v2\/product_cat?post=5588"},{"taxonomy":"product_tag","embeddable":true,"href":"https:\/\/www.mpfxdesign.com\/site\/wp-json\/wp\/v2\/product_tag?post=5588"}],"curies":[{"name":"wp","href":"https:\/\/api.w.org\/{rel}","templated":true}]}}